{"id":77,"date":"2019-08-28T08:14:13","date_gmt":"2019-08-28T08:14:13","guid":{"rendered":"http:\/\/dcgoe.de\/?page_id=77"},"modified":"2025-11-11T20:33:45","modified_gmt":"2025-11-11T20:33:45","slug":"impressum","status":"publish","type":"page","link":"https:\/\/dcgoe.de\/?page_id=77","title":{"rendered":"Impressum"},"content":{"rendered":"\n<h2 class=\"wp-block-heading\">Angaben gem\u00e4\u00df \u00a7 5 TMG:<\/h2>\n\n\n\n<p>Debattierclub G\u00f6ttingen e. V.<\/p>\n\n\n\n<p>Nikolaistra\u00dfe 15<\/p>\n\n\n\n<p>37073 G\u00f6ttingen<\/p>\n\n\n\n<h2 class=\"wp-block-heading\">Vertreten durch:<\/h2>\n\n\n\n<p>Nathalie A. Glodzei (Pr\u00e4sidentin),<\/p>\n\n\n\n<p>Ellanora St\u00fcven (Vizepr\u00e4sidentin f\u00fcr Finanzen),<\/p>\n\n\n\n<p>Anna Franke (Vizepr\u00e4sidentin),<\/p>\n\n\n\n<p>Paul Grotthaus (Vizepr\u00e4sident),<\/p>\n\n\n\n<p>Anjo Neubacher (Vizepr\u00e4sident)<\/p>\n\n\n\n<h2 class=\"wp-block-heading\">Kontakt:<\/h2>\n\n\n\n<p>E-Mail: kontakt@dcgoe.de<\/p>\n","protected":false},"excerpt":{"rendered":"<p>Angaben gem\u00e4\u00df \u00a7 5 TMG: Debattierclub G\u00f6ttingen e. V. Nikolaistra\u00dfe 15 37073 G\u00f6ttingen Vertreten durch: Nathalie A. Glodzei (Pr\u00e4sidentin), Ellanora St\u00fcven (Vizepr\u00e4sidentin f\u00fcr Finanzen), Anna Franke (Vizepr\u00e4sidentin), Paul Grotthaus (Vizepr\u00e4sident), Anjo Neubacher (Vizepr\u00e4sident) Kontakt: E-Mail: kontakt@dcgoe.de<\/p>\n","protected":false},"author":5,"featured_media":0,"parent":0,"menu_order":0,"comment_status":"closed","ping_status":"closed","template":"","meta":{"_acf_changed":false,"footnotes":""},"class_list":["post-77","page","type-page","status-publish","hentry"],"acf":[],"_links":{"self":[{"href":"https:\/\/dcgoe.de\/index.php?rest_route=\/wp\/v2\/pages\/77","targetHints":{"allow":["GET"]}}],"collection":[{"href":"https:\/\/dcgoe.de\/index.php?rest_route=\/wp\/v2\/pages"}],"about":[{"href":"https:\/\/dcgoe.de\/index.php?rest_route=\/wp\/v2\/types\/page"}],"author":[{"embeddable":true,"href":"https:\/\/dcgoe.de\/index.php?rest_route=\/wp\/v2\/users\/5"}],"replies":[{"embeddable":true,"href":"https:\/\/dcgoe.de\/index.php?rest_route=%2Fwp%2Fv2%2Fcomments&post=77"}],"version-history":[{"count":11,"href":"https:\/\/dcgoe.de\/index.php?rest_route=\/wp\/v2\/pages\/77\/revisions"}],"predecessor-version":[{"id":523,"href":"https:\/\/dcgoe.de\/index.php?rest_route=\/wp\/v2\/pages\/77\/revisions\/523"}],"wp:attachment":[{"href":"https:\/\/dcgoe.de\/index.php?rest_route=%2Fwp%2Fv2%2Fmedia&parent=77"}],"curies":[{"name":"wp","href":"https:\/\/api.w.org\/{rel}","templated":true}]}}