{"id":75,"date":"2019-08-28T08:14:13","date_gmt":"2019-08-28T08:14:13","guid":{"rendered":"http:\/\/dcgoe.de\/?page_id=75"},"modified":"2022-05-05T19:14:38","modified_gmt":"2022-05-05T19:14:38","slug":"kontakt","status":"publish","type":"page","link":"https:\/\/dcgoe.de\/?page_id=75","title":{"rendered":"Kontakt"},"content":{"rendered":"\n<p>Am einfachsten sind wir per E-Mail erreichbar, z. B. unter der Adresse <strong>kontakt@dcgoe.de. <\/strong> Aber wir freuen uns nat\u00fcrlich auch \u00fcber Briefe, Postkarten und ganz besonders \u00fcber pers\u00f6nlichen Besuch bei unserer <a href=\"http:\/\/dcgoe.de\">w\u00f6chentlichen Debatte<\/a>. <\/p>\n\n\n\n<p>Follow us on Instagram: <a href=\"https:\/\/www.instagram.com\/debattierclub_goettingen\/\">https:\/\/www.instagram.com\/debattierclub_goettingen\/<\/a> <\/p>\n\n\n\n<p><\/p>\n","protected":false},"excerpt":{"rendered":"<p>Am einfachsten sind wir per E-Mail erreichbar, z. B. unter der Adresse kontakt@dcgoe.de. Aber wir freuen uns nat\u00fcrlich auch \u00fcber Briefe, Postkarten und ganz besonders \u00fcber pers\u00f6nlichen Besuch bei unserer w\u00f6chentlichen Debatte. Follow us on Instagram: https:\/\/www.instagram.com\/debattierclub_goettingen\/<\/p>\n","protected":false},"author":5,"featured_media":0,"parent":0,"menu_order":0,"comment_status":"closed","ping_status":"closed","template":"","meta":{"_acf_changed":false,"footnotes":""},"class_list":["post-75","page","type-page","status-publish","hentry"],"acf":[],"_links":{"self":[{"href":"https:\/\/dcgoe.de\/index.php?rest_route=\/wp\/v2\/pages\/75","targetHints":{"allow":["GET"]}}],"collection":[{"href":"https:\/\/dcgoe.de\/index.php?rest_route=\/wp\/v2\/pages"}],"about":[{"href":"https:\/\/dcgoe.de\/index.php?rest_route=\/wp\/v2\/types\/page"}],"author":[{"embeddable":true,"href":"https:\/\/dcgoe.de\/index.php?rest_route=\/wp\/v2\/users\/5"}],"replies":[{"embeddable":true,"href":"https:\/\/dcgoe.de\/index.php?rest_route=%2Fwp%2Fv2%2Fcomments&post=75"}],"version-history":[{"count":5,"href":"https:\/\/dcgoe.de\/index.php?rest_route=\/wp\/v2\/pages\/75\/revisions"}],"predecessor-version":[{"id":340,"href":"https:\/\/dcgoe.de\/index.php?rest_route=\/wp\/v2\/pages\/75\/revisions\/340"}],"wp:attachment":[{"href":"https:\/\/dcgoe.de\/index.php?rest_route=%2Fwp%2Fv2%2Fmedia&parent=75"}],"curies":[{"name":"wp","href":"https:\/\/api.w.org\/{rel}","templated":true}]}}