{"id":73,"date":"2019-08-28T08:14:13","date_gmt":"2019-08-28T08:14:13","guid":{"rendered":"http:\/\/dcgoe.de\/?page_id=73"},"modified":"2026-02-11T16:03:08","modified_gmt":"2026-02-11T16:03:08","slug":"mitglied-werden","status":"publish","type":"page","link":"https:\/\/dcgoe.de\/?page_id=73","title":{"rendered":"Mitglied werden"},"content":{"rendered":"\n<p>Du willst Mitglied werden? Sprich uns einfach bei einem unserer Clubabende an oder f\u00fclle den hier verlinkten Mitgliedsantrag aus und  bringe ihn das n\u00e4chste mal einfach mit. Als Mitglied genie\u00dft du viele  Vorteile, wie zum Beispiel finanzielle Unterst\u00fctzung bei der Teilnahme an Turnieren oder Workshops.<\/p>\n\n\n\n<p><a href=\"http:\/\/dcgoe.de\/wp-content\/uploads\/2026\/02\/Mitgliedsantrag-Feb2026.pdf\" data-type=\"link\" data-id=\"http:\/\/dcgoe.de\/wp-content\/uploads\/2025\/11\/Mitgliedsantrag_neu.pdf\">Mitgliedsantrag des Debattierclub G\u00f6ttingen<\/a><\/p>\n\n\n\n<p><\/p>\n","protected":false},"excerpt":{"rendered":"<p>Du willst Mitglied werden? Sprich uns einfach bei einem unserer Clubabende an oder f\u00fclle den hier verlinkten Mitgliedsantrag aus und bringe ihn das n\u00e4chste mal einfach mit. Als Mitglied genie\u00dft du viele Vorteile, wie zum Beispiel finanzielle Unterst\u00fctzung bei der Teilnahme an Turnieren oder Workshops. Mitgliedsantrag des Debattierclub G\u00f6ttingen<\/p>\n","protected":false},"author":5,"featured_media":0,"parent":0,"menu_order":0,"comment_status":"closed","ping_status":"closed","template":"","meta":{"_acf_changed":false,"footnotes":""},"class_list":["post-73","page","type-page","status-publish","hentry"],"acf":[],"_links":{"self":[{"href":"https:\/\/dcgoe.de\/index.php?rest_route=\/wp\/v2\/pages\/73","targetHints":{"allow":["GET"]}}],"collection":[{"href":"https:\/\/dcgoe.de\/index.php?rest_route=\/wp\/v2\/pages"}],"about":[{"href":"https:\/\/dcgoe.de\/index.php?rest_route=\/wp\/v2\/types\/page"}],"author":[{"embeddable":true,"href":"https:\/\/dcgoe.de\/index.php?rest_route=\/wp\/v2\/users\/5"}],"replies":[{"embeddable":true,"href":"https:\/\/dcgoe.de\/index.php?rest_route=%2Fwp%2Fv2%2Fcomments&post=73"}],"version-history":[{"count":11,"href":"https:\/\/dcgoe.de\/index.php?rest_route=\/wp\/v2\/pages\/73\/revisions"}],"predecessor-version":[{"id":541,"href":"https:\/\/dcgoe.de\/index.php?rest_route=\/wp\/v2\/pages\/73\/revisions\/541"}],"wp:attachment":[{"href":"https:\/\/dcgoe.de\/index.php?rest_route=%2Fwp%2Fv2%2Fmedia&parent=73"}],"curies":[{"name":"wp","href":"https:\/\/api.w.org\/{rel}","templated":true}]}}