{"id":72,"date":"2019-08-28T08:14:13","date_gmt":"2019-08-28T08:14:13","guid":{"rendered":"http:\/\/dcgoe.de\/?page_id=72"},"modified":"2025-09-12T19:13:15","modified_gmt":"2025-09-12T19:13:15","slug":"vorstand","status":"publish","type":"page","link":"https:\/\/dcgoe.de\/?page_id=72","title":{"rendered":"Vorstand"},"content":{"rendered":"\n<p>Am 06.08.2025 wurde in G\u00f6ttingen ein neuer Vorstand gew\u00e4hlt. Dieser besteht nun aus <br>Nathalie A. Glodzei (Pr\u00e4sidentin), Ellanora St\u00fcven (Vizepr\u00e4sidentin f\u00fcr Finanzen), <br>Anna Franke (Vizepr\u00e4sidentin), Paul Grotthaus (Vizepr\u00e4sident) und Anjo Neubacher (Vizepr\u00e4sident).<\/p>\n\n\n\n<p>Wir stehen euch f\u00fcr Fragen und Anregungen zu den w\u00f6chentlichen Debatten und allen erdenklichen Anliegen jederzeit unter kontakt@dcgoe.de und immer Mittwochs ab 18.00 Uhr bei unseren w\u00f6chentlichen Treffen zur Verf\u00fcgung. Wir freuen uns, die Arbeit der vergangenen Vorst\u00e4nde fortf\u00fchren zu d\u00fcrfen und m\u00f6chten diese nicht <a href=\"http:\/\/dcgoe.de\/?page_id=100\">unerw\u00e4hnt <\/a>lassen.<\/p>\n","protected":false},"excerpt":{"rendered":"<p>Am 06.08.2025 wurde in G\u00f6ttingen ein neuer Vorstand gew\u00e4hlt. Dieser besteht nun aus Nathalie A. Glodzei (Pr\u00e4sidentin), Ellanora St\u00fcven (Vizepr\u00e4sidentin f\u00fcr Finanzen), Anna Franke (Vizepr\u00e4sidentin), Paul Grotthaus (Vizepr\u00e4sident) und Anjo Neubacher (Vizepr\u00e4sident). Wir stehen euch f\u00fcr Fragen und Anregungen zu den w\u00f6chentlichen Debatten und allen erdenklichen Anliegen jederzeit unter kontakt@dcgoe.de [&hellip;]<\/p>\n","protected":false},"author":5,"featured_media":0,"parent":0,"menu_order":0,"comment_status":"closed","ping_status":"closed","template":"","meta":{"_acf_changed":false,"footnotes":""},"class_list":["post-72","page","type-page","status-publish","hentry"],"acf":[],"_links":{"self":[{"href":"https:\/\/dcgoe.de\/index.php?rest_route=\/wp\/v2\/pages\/72","targetHints":{"allow":["GET"]}}],"collection":[{"href":"https:\/\/dcgoe.de\/index.php?rest_route=\/wp\/v2\/pages"}],"about":[{"href":"https:\/\/dcgoe.de\/index.php?rest_route=\/wp\/v2\/types\/page"}],"author":[{"embeddable":true,"href":"https:\/\/dcgoe.de\/index.php?rest_route=\/wp\/v2\/users\/5"}],"replies":[{"embeddable":true,"href":"https:\/\/dcgoe.de\/index.php?rest_route=%2Fwp%2Fv2%2Fcomments&post=72"}],"version-history":[{"count":12,"href":"https:\/\/dcgoe.de\/index.php?rest_route=\/wp\/v2\/pages\/72\/revisions"}],"predecessor-version":[{"id":503,"href":"https:\/\/dcgoe.de\/index.php?rest_route=\/wp\/v2\/pages\/72\/revisions\/503"}],"wp:attachment":[{"href":"https:\/\/dcgoe.de\/index.php?rest_route=%2Fwp%2Fv2%2Fmedia&parent=72"}],"curies":[{"name":"wp","href":"https:\/\/api.w.org\/{rel}","templated":true}]}}