{"id":71,"date":"2019-08-28T08:14:12","date_gmt":"2019-08-28T08:14:12","guid":{"rendered":"http:\/\/dcgoe.de\/?page_id=71"},"modified":"2025-09-12T19:15:38","modified_gmt":"2025-09-12T19:15:38","slug":"ueber-uns","status":"publish","type":"page","link":"https:\/\/dcgoe.de\/?page_id=71","title":{"rendered":"\u00dcber Uns"},"content":{"rendered":"\n<p>Wir sind eine Gruppe rede- und \u2013 im besten und w\u00f6rtlichsten Sinne  \u2013 streitlustiger Studierender, die sich w\u00f6chentlich trifft, um \u00fcber  aktuelle oder auch weniger aktuelle Themen zu debattieren. Neben unseren Einstiegstrainings und den w\u00f6chentlichen Debatten organisieren wir auch Workshops, Publikumsdebatten und Turniere. Wir nehmen regelm\u00e4\u00dfig an regionalen und \u00fcberregionalen Turnieren und Weiterbildungen teil.<\/p>\n\n\n\n<p><br>Debattieren bedeutet, sich mit Entscheidungsfragen aus dem Bereich der Politik, Gesellschaft, Wirtschaft, Wissenschaft, etc. zu besch\u00e4ftigen.<br>Dabei geht es darum, ein besseres Verst\u00e4ndnis von den Konflikten (\u201eClashes\u201c) zu erhalten, die solchen Fragen zugrundeliegen. Bei der Frage \u201eSoll die Video\u00fcberwachung in Deutschland ausgeweitet werden?\u201c treffen z. B. die Grundwerte Sicherheit und Freiheit aufeinander. Dabei ist nicht offensichtlich, wie viel mehr vom einen Wert wie viel weniger vom anderen bedeutet oder welchem Wert der h\u00f6here Stellenwert einger\u00e4umt werden soll. Vor- und Nachteile einer politischen Ma\u00dfnahme systematisch analysieren und gegeneinander abw\u00e4gen zu k\u00f6nnen, ist eine F\u00e4higkeit, die einen guten Debattierer auszeichnet.<\/p>\n\n\n\n<p>Debattieren bedeutet auch, zu lernen, schnell Ideen und Argumente zu  sammeln, das dabei entstehende Chaos zu ordnen und schlie\u00dflich eine  \u00fcberzeugende Rede daraus zu formen. Zum Schluss wird diese Rede dann Zuschauern und Mitdebattierenden vorgetragen. Gute Redner schaffen es,  nicht nur durch Inhalte zu \u00fcberzeugen, sondern auch durch die  mitrei\u00dfende Art und Weise ihres Vortrags.<br> Dabei ist ganz wichtig, zu beachten, dass niemand als guter Redner  geboren wurde, sondern es erst durch \u00dcbung geworden ist. Es gilt, was der alte Cicero gesagt hat: \u201eReden lernt man nur durch Reden!\u201c<br> Mehr Informationen dazu, um was es beim Debattieren geht, finden sich u. a. unter <a href=\"http:\/\/dcgoe.de\/?page_id=34\">Debattieren<\/a> und <a href=\"http:\/\/www.vdch.de\/debattieren\/\">bei unserem Dachverband<\/a>.<br> Die deutsche Debattierszene besteht jetzt seit etwa zwanzig Jahren und  hat sich zu einer lebendigen Plattform mit vielen deutschlandweiten \u2013  und auch internationalen \u2013 Veranstaltungen (z. B. Turniere, Redner- und  Jurorentrainings, Publikumsdebatten, \u2026) entwickelt.<br><\/p>\n\n\n\n<p>Sportlich kann unser Club auf viele Erfolge zur\u00fcckblicken. Debattierer aus G\u00f6ttingen haben in der Vergangenheit mehrere <a href=\"http:\/\/www.vdch.de\/zeit-debatten\/\">ZEIT Debatten<\/a> gewonnen, das sind die gr\u00f6\u00dften deutschlandweiten Turniere f\u00fcr sportliches Debattieren.<br><br> Wir sind als eingetragener Verein organisiert, wobei man keinesfalls beitreten muss, um an unseren w\u00f6chentlichen Debatten teilzunehmen, es aber nat\u00fcrlich darf, wenn man den G\u00f6ttinger Debattierclub weiter unterst\u00fctzen m\u00f6chte.<br> Hier findet sich der <a href=\"http:\/\/debattierclub-goettingen.de\/wp-content\/uploads\/2018\/10\/Mitgliedsantrag-19.09.2018.pdf\">Mitgliedsantrag<\/a> und hier unsere aktuelle <a href=\"http:\/\/dcgoe.de\/wp-content\/uploads\/2022\/05\/Satzung-des-Debattierclubs-2021.pdf\" target=\"_blank\" rel=\"noreferrer noopener\">Vereinssatzung<\/a>. Der aktuelle Vorstand (ab 2024) besteht aus: <\/p>\n\n\n\n<p><strong>Nathalie A. Glodzei (Pr\u00e4sidentin)<\/strong><\/p>\n\n\n\n<p><strong>Ellanora St\u00fcven (Vizepr\u00e4sidentin f\u00fcr Finanzen)<\/strong><\/p>\n\n\n\n<p><strong>Anna Franke (Vizepr\u00e4sidentin) <\/strong><\/p>\n\n\n\n<p><strong>Paul Grotthaus (Vizepr\u00e4sident)<\/strong> <\/p>\n\n\n\n<p><strong>Anjo Neubacher (Vizepr\u00e4sident)<br><\/strong><\/p>\n\n\n\n<div class=\"wp-block-group\"><div class=\"wp-block-group__inner-container is-layout-flow wp-block-group-is-layout-flow\"><\/div><\/div>\n\n\n\n<p><a href=\"http:\/\/dcgoe.de\/?page_id=100\">\u00dcbersicht \u00fcber fr\u00fchere Vorst\u00e4nde.<\/a><\/p>\n","protected":false},"excerpt":{"rendered":"<p>Wir sind eine Gruppe rede- und \u2013 im besten und w\u00f6rtlichsten Sinne \u2013 streitlustiger Studierender, die sich w\u00f6chentlich trifft, um \u00fcber aktuelle oder auch weniger aktuelle Themen zu debattieren. Neben unseren Einstiegstrainings und den w\u00f6chentlichen Debatten organisieren wir auch Workshops, Publikumsdebatten und Turniere. Wir nehmen regelm\u00e4\u00dfig an regionalen und \u00fcberregionalen [&hellip;]<\/p>\n","protected":false},"author":5,"featured_media":0,"parent":0,"menu_order":0,"comment_status":"closed","ping_status":"closed","template":"","meta":{"_acf_changed":false,"footnotes":""},"class_list":["post-71","page","type-page","status-publish","hentry"],"acf":[],"_links":{"self":[{"href":"https:\/\/dcgoe.de\/index.php?rest_route=\/wp\/v2\/pages\/71","targetHints":{"allow":["GET"]}}],"collection":[{"href":"https:\/\/dcgoe.de\/index.php?rest_route=\/wp\/v2\/pages"}],"about":[{"href":"https:\/\/dcgoe.de\/index.php?rest_route=\/wp\/v2\/types\/page"}],"author":[{"embeddable":true,"href":"https:\/\/dcgoe.de\/index.php?rest_route=\/wp\/v2\/users\/5"}],"replies":[{"embeddable":true,"href":"https:\/\/dcgoe.de\/index.php?rest_route=%2Fwp%2Fv2%2Fcomments&post=71"}],"version-history":[{"count":15,"href":"https:\/\/dcgoe.de\/index.php?rest_route=\/wp\/v2\/pages\/71\/revisions"}],"predecessor-version":[{"id":505,"href":"https:\/\/dcgoe.de\/index.php?rest_route=\/wp\/v2\/pages\/71\/revisions\/505"}],"wp:attachment":[{"href":"https:\/\/dcgoe.de\/index.php?rest_route=%2Fwp%2Fv2%2Fmedia&parent=71"}],"curies":[{"name":"wp","href":"https:\/\/api.w.org\/{rel}","templated":true}]}}