{"id":64,"date":"2019-08-28T07:58:30","date_gmt":"2019-08-28T07:58:30","guid":{"rendered":"http:\/\/dcgoe.de\/?page_id=64"},"modified":"2025-11-05T09:12:47","modified_gmt":"2025-11-05T09:12:47","slug":"debattierclub-goettingen","status":"publish","type":"page","link":"https:\/\/dcgoe.de\/","title":{"rendered":"Debattierclub G\u00f6ttingen"},"content":{"rendered":"\n<p style=\"font-size:24px\"><strong>Schlagfertigkeit kann man lernen! <\/strong><\/p>\n\n\n\n<p>Du diskutierst gern \u00fcber Politik, Gesellschaft, Philosophie, Wirtschaft und Wissenschaft? Du m\u00f6chtest lernen, vor Publikum zu reden und andere mit deinen Argumenten und deinem Auftreten mitzurei\u00dfen? Dann komm zu unseren Debattenabenden! Vorkenntnisse braucht Du keine &#8211; wir bringen dir alles bei.<\/p>\n\n\n\n<p style=\"font-size:24px\"><strong>Debattenabende<\/strong><\/p>\n\n\n\n<ul class=\"wp-block-list\">\n<li class=\"has-medium-font-size\"><strong>Montags<\/strong> 18:30 im VG 2.108 f\u00fcr Turnier-Training<\/li>\n\n\n\n<li class=\"has-medium-font-size\"><strong>Mittwoch<\/strong> 18:15 Uhr im VG 2.104 f\u00fcr unseren Clubdebatten &#8211; Abend!<\/li>\n<\/ul>\n\n\n\n<p class=\"has-text-align-left\"> Wir freuen uns auf Dich!<\/p>\n\n\n\n<h2 class=\"wp-block-heading\">\u00dcber was wir streiten<\/h2>\n\n\n\n<p>Debattiert werden aktuelle <a href=\"https:\/\/dcgoe.de\/?page_id=474\" data-type=\"page\" data-id=\"474\">Themen<\/a>, ob gesellschaftlich, politisch oder kulturell, aber auch interessante Fragestellungen aus Philosophie und Wissenschaft. Noch genauere Informationen \u00fcber das Debattieren <a href=\"http:\/\/dcgoe.de\/?page_id=32\">findest du hier.<\/a> Jede*r Mitdebattant*in ist herzlich willkommen. Je mehr Menschen mit debattieren, desto lebhafter die Debatte \u2013 <strong>also worauf wartest Du? Komm vorbei!<\/strong><\/p>\n","protected":false},"excerpt":{"rendered":"<p>Schlagfertigkeit kann man lernen! Du diskutierst gern \u00fcber Politik, Gesellschaft, Philosophie, Wirtschaft und Wissenschaft? Du m\u00f6chtest lernen, vor Publikum zu reden und andere mit deinen Argumenten und deinem Auftreten mitzurei\u00dfen? Dann komm zu unseren Debattenabenden! Vorkenntnisse braucht Du keine &#8211; wir bringen dir alles bei. Debattenabende Wir freuen uns auf [&hellip;]<\/p>\n","protected":false},"author":5,"featured_media":122,"parent":0,"menu_order":0,"comment_status":"closed","ping_status":"closed","template":"","meta":{"_acf_changed":false,"footnotes":""},"class_list":["post-64","page","type-page","status-publish","has-post-thumbnail","hentry"],"acf":[],"_links":{"self":[{"href":"https:\/\/dcgoe.de\/index.php?rest_route=\/wp\/v2\/pages\/64","targetHints":{"allow":["GET"]}}],"collection":[{"href":"https:\/\/dcgoe.de\/index.php?rest_route=\/wp\/v2\/pages"}],"about":[{"href":"https:\/\/dcgoe.de\/index.php?rest_route=\/wp\/v2\/types\/page"}],"author":[{"embeddable":true,"href":"https:\/\/dcgoe.de\/index.php?rest_route=\/wp\/v2\/users\/5"}],"replies":[{"embeddable":true,"href":"https:\/\/dcgoe.de\/index.php?rest_route=%2Fwp%2Fv2%2Fcomments&post=64"}],"version-history":[{"count":29,"href":"https:\/\/dcgoe.de\/index.php?rest_route=\/wp\/v2\/pages\/64\/revisions"}],"predecessor-version":[{"id":513,"href":"https:\/\/dcgoe.de\/index.php?rest_route=\/wp\/v2\/pages\/64\/revisions\/513"}],"wp:featuredmedia":[{"embeddable":true,"href":"https:\/\/dcgoe.de\/index.php?rest_route=\/"}],"wp:attachment":[{"href":"https:\/\/dcgoe.de\/index.php?rest_route=%2Fwp%2Fv2%2Fmedia&parent=64"}],"curies":[{"name":"wp","href":"https:\/\/api.w.org\/{rel}","templated":true}]}}