{"id":474,"date":"2025-05-30T09:38:58","date_gmt":"2025-05-30T09:38:58","guid":{"rendered":"https:\/\/dcgoe.de\/?page_id=474"},"modified":"2026-01-16T13:59:12","modified_gmt":"2026-01-16T13:59:12","slug":"themen","status":"publish","type":"page","link":"https:\/\/dcgoe.de\/?page_id=474","title":{"rendered":"Themen"},"content":{"rendered":"\n<p style=\"font-size:25px\">Willst du wissen wor\u00fcber wir so debattieren? Hier findest du die Themen der vergangenen Debatten! <\/p>\n\n\n\n<p><strong>14.01.26<\/strong><\/p>\n\n\n\n<p>Factsheet: Neurodivergenz umfasst Menschen mit atypischer Neurobiologie. Dazu geh\u00f6ren Menschen auf dem Autismusspektrum, mit AD(H)S, Dyskalkulie, Legasthenie, Dyspraxie, Syn\u00e4sthesie, Tourette-Syndrom, bipolarer St\u00f6rung und Hochbegabung. Auf Social Media sind vor allem Menschen auf dem Autismusspektrum oder mit AD(H)S gemeint. Studien gehen davon aus, dass 15 bis 20% der Menschen eine neurodivergente Auspr\u00e4gung haben.<\/p>\n\n\n\n<p>Thema: Ist die zunehmende Selbstdiagnose von Menschen als neurodivergent durch Social Media bedauerlich?<\/p>\n\n\n\n<p><strong>07.01.26<\/strong><\/p>\n\n\n\n<p>Factsheet: Als Form von Protest und um gegen die illegalen Abschiebungen in Amerika vorzugehen daten einige amerikanische Frauen gezielt ICE Beamten, um ihre Identit\u00e4t \u00f6ffentlich machen zu k\u00f6nnen.<\/p>\n\n\n\n<p>Thema: DH begr\u00fc\u00dft diese Form von Protest.<\/p>\n\n\n\n<p><strong>17.12.25 Weihnachtsfeier!<\/strong><\/p>\n\n\n\n<p><strong>10.12.25 <\/strong><\/p>\n\n\n\n<p>DH als Elternteil w\u00fcrde seinem Kind statt M\u00e4rchen wie Weihnachtsmann, Storch bringt Kinder etc zu erz\u00e4hlen immer direkt die Wahrheit erz\u00e4hlen.<\/p>\n\n\n\n<p><strong>08.12.25<\/strong> <\/p>\n\n\n\n<p>Dieses Haus w\u00fcrde lieber mit dem b\u00f6sen Genie anstelle des langweiligen Heldens eine tiefe Freundschaft eingehen.<\/p>\n\n\n\n<p><strong>03.12.25<\/strong> <\/p>\n\n\n\n<p>Dieses Haus, als United Kingdom, w\u00fcrde die britische Monarchie aufl\u00f6sen.<\/p>\n\n\n\n<p><strong>26.11.25<\/strong> <\/p>\n\n\n\n<p>Factsheet: Large Language Models (LLMs) sind Chatbots wie ChatGPT, Gemini oder Grok, die durch maschinelles Lernen entstanden sind. Das hei\u00dft, dass diese mit vielen Daten von Chats trainiert wurden und dadurch nahezu nicht von Chats mit Menschen unterscheidbar sind, daf\u00fcr aber Fehler machen k\u00f6nnen, die Menschen nicht passieren.<br>Chatbots, die nicht &#8222;gelernt&#8220; haben, wie Siri oder Alexa, sind nicht Teil dieser Debatte.<\/p>\n\n\n\n<p>Thema: Dieses Haus begr\u00fc\u00dft den Nutzen von LLMs f\u00fcr psychologische Bed\u00fcrfnisse (e.g. Venting, Theraphie, Freundschaft, e.t.c)<\/p>\n\n\n\n<p><strong>19.11.25<\/strong><\/p>\n\n\n\n<p>DH bevorzugt eine Wehrpflicht f\u00fcr alle (Geschlechter) in Deutschland.<\/p>\n\n\n\n<p><strong>12.11.25 <\/strong><\/p>\n\n\n\n<p>Sollten alle Eltern zu sechs Monaten Elternzeit pro Person verpflichtet werden?<\/p>\n\n\n\n<p><strong>10.11.25<\/strong><\/p>\n\n\n\n<p>Sollte der Religionsunterricht abgeschafft werden?<\/p>\n\n\n\n<p><strong>05.11.25<\/strong><\/p>\n\n\n\n<p>Soziale Individualisierung im Sinne dieser Debatte beschreibt die abnehmenden Bedeutung und Festigkeit traditioneller sozialer Gemeinschaften, wie Familien und Gemeinden, zugunsten zunehmender Selbstbestimmung.<\/p>\n\n\n\n<p>Schadet soziale Individualisierung in westlichen Gesellschaften mehr als sie n\u00fctzt? <\/p>\n\n\n\n<p><strong>03.11.25<\/strong><\/p>\n\n\n\n<p>Dieses Haus bedauert Forschung (z.B. aus der Medizin, Biologie, etc.), die das Ziel hat, den menschlichen Alterungsprozess aufzuhalten.<\/p>\n\n\n\n<p><strong>29.10.25 Einstiegsabend!<\/strong><\/p>\n\n\n\n<p>Dieses Haus glaubt, das Leben als K\u00f6nig im Hochmittelalter macht einen durchschnittlichen Menschen gl\u00fccklicher als das Leben eines Langzeitarbeitlosen im heutigen Deutschland.<\/p>\n\n\n\n<p><strong>22.10.25<\/strong><\/p>\n\n\n\n<p>Ein Wahlf\u00fchrerschein im Rahmen dieser Debatte ist ein Dokument, ohne das B\u00fcrger<em>innen nicht an Bundes-, Landtags- und Kommunalwahlen teilzunehmen k\u00f6nnen. Der F\u00fchrerschein hat eine G\u00fcltigkeit von 15 Jahren. Die Pr\u00fcfung kann vor jeder Wahl an \u00f6ffentlich bekannt gegebenen Terminen abgelegt werden. Um den Wahlf\u00fchrerschein zu erhalten, muss ein Test mit 80% richtiger Antworten bestanden werden, der grundlegende Kenntnisse \u00fcber das politische System abfragt und testet, ob B\u00fcrger<\/em>innen Parteien und Zusammenfassungen der Wahlprogramme zuordnen k\u00f6nnen. Die Zusammenfassungen k\u00f6nnen von den Parteien selbst eingereicht werden.<\/p>\n\n\n\n<p>Dieses Haus w\u00fcrde einen Wahlf\u00fchrerschein einf\u00fchren.<\/p>\n\n\n\n<p><strong>20.10.25<\/strong><\/p>\n\n\n\n<p>Dark Romance ist ein besonderes bei Leser*innen zwischen 15-35 boomendes Literaturgenre, dessen Liebesgeschichten in erster Linie in einem d\u00fcsteren Setting spielen. Dazu k\u00f6nnen Themen wie toxische Beziehungen, (sexualisierte) Gewalt (auch innerhalb der beschriebenen Beziehung), organisiertes Verbrechen, Menschenhandel, Machtgef\u00e4lle und Stalking geh\u00f6ren. <\/p>\n\n\n\n<p>Dieses Haus bedauert den Boom von Dark Romance. <\/p>\n\n\n\n<p><strong>15.10.25<\/strong><\/p>\n\n\n\n<p>DH w\u00fcrde ein einheitliches Geschichts-Schulbuch f\u00fcr die gesamte EU einf\u00fchren, statt der l\u00e4nderspezifischen Lehrb\u00fccher.<\/p>\n\n\n\n<p><strong>13.10.25<\/strong><\/p>\n\n\n\n<p>In einem Prim\u00e4rarztsystem m\u00fcssen Patient*innen immer erst einen Hausarzt aufsuchen. Nur der Hausarzt kann anschlie\u00dfend eine \u00dcberweisung an Fach\u00e4rzte ausstellen (Ausnahmen k\u00f6nnen z.B. sein: Gyn\u00e4kologie, Kinderarzt, Augenarzt). Wer direkt einen Facharzt aufsucht, muss die Kosten selbst tragen. <\/p>\n\n\n\n<p>DH w\u00fcrde ein Prim\u00e4rarztsystem einf\u00fchren.<\/p>\n\n\n\n<p><strong>07.10.25<\/strong><\/p>\n\n\n\n<p>Toxisch m\u00e4nnliches Verhalten bezeichnet destruktive Verhaltensmuster, die auf einem traditionellen, stereotypen und patriarchalen Selbstbild jener M\u00e4nner basieren. Es zeichnet sich unteranderem durch folgende Merkmale aus: <\/p>\n\n\n\n<ul class=\"wp-block-list\">\n<li>Mitgef\u00fchl wird nicht zum Ausdruck gebracht; insgesamt fehlender Ausdruck von Gef\u00fchlen, mit Ausnahmen von Wut und Aggressionen <\/li>\n\n\n\n<li>Demonstration von St\u00e4rke sowie Bedrohung und Gewalt als Mittel der Probleml\u00f6sung <\/li>\n\n\n\n<li>Dominantes und aggressives Auftreten, besonders in Gespr\u00e4chen <\/li>\n\n\n\n<li>Das Streben nach Kontrolle und \u00fcbersteigertes Konkurrenzverhalten <\/li>\n\n\n\n<li>Abwertung vermeintlicher &#8222;weiblicher&#8220; Eigenschaften (z.B.: Emotionalit\u00e4t) als Schw\u00e4che <\/li>\n<\/ul>\n\n\n\n<p>Gegeben, dass das Verhalten noch nicht die Grenze zur Strafbarkeit \u00fcberschritten hat: Ist es eine begr\u00fc\u00dfenswerte Proteststrategie von Frauen, toxisch m\u00e4nnliches Verhalten gegen\u00fcber den T\u00e4tern zu spiegeln?<\/p>\n\n\n\n<p><strong>01.10.25<\/strong><\/p>\n\n\n\n<p>Tilly Norwood ist eine von der KI-Abteilung der Produktionsfirma Particle6 erstellte KI Schauspielerin. Sie trat in der von KI generierten Comedy-Sketch \u201eAI Commissioner\u201c und in verschiedenen Werbe- und Social-Media-Inhalten auf. Nun wollen ihre Erschaffer, dass sie auch f\u00fcr Filme gecasted wird und tr\u00e4umen von ihr als n\u00e4chste &#8222;Scarlett Johansson&#8220;<\/p>\n\n\n\n<p>DH begr\u00fc\u00dft die Entwicklung von KI Celebrities wie Tilly oder auch z.B. Fashion Models<\/p>\n\n\n\n<p><strong>24.09.25<\/strong><\/p>\n\n\n\n<p>DH bef\u00fcrwortet aktive Sterbehilfe f\u00fcr chronische psychische Erkrankungen<\/p>\n\n\n\n<p>Die Motion stellt die Unterscheidung zwischen zwei Arten von Krankheiten in den Mittelpunkt: somatischen, also rein k\u00f6rperlichen Erkrankungen wie Krebs im Endstadium, und psychischen Erkrankungen wie chronisch schwersten<\/p>\n\n\n\n<p><strong>22.09.25<\/strong><\/p>\n\n\n\n<p>Innerhalb der Schach-Liga gibt es regionale, nationale und internationale Turniere, die f\u00fcr alle Teilnehmenden offen sind, sowie Frauen-Turniere und ein eigenes Ranking, die nur f\u00fcr Frauen vorbehalten sind. Die aktuelle Frauen-Weltmeisterin, Hou Yifan belegt den Rang 85 in der offenen Gesamtwertung. Damit ist sie die einzige Frau innerhalb der Top 100-Spielenden weltweit. Laut der Schach-Gesellschaft FIDE machten Frauen im Jahr 2018 15% der Spielenden aus.<\/p>\n\n\n\n<p>Dieses Haus w\u00fcrde die Frauen-Schachliga abschaffen.<\/p>\n\n\n\n<p><strong>17.09.25<\/strong><\/p>\n\n\n\n<p>Filmabend + Debatte<\/p>\n\n\n\n<p><strong>15.09.25<\/strong><\/p>\n\n\n\n<p>DH glaubt, dass Schwellenl\u00e4nder (z.B. Marokko, S\u00fcdafrika, Mexiko) staatliche Unternehmen, wie z.B. Fluggesellschaften, Bahn-Gesellschaften, Wasserwerke und Stromnetze, privatisieren sollten. <\/p>\n\n\n\n<p><strong>11.09.25<\/strong><\/p>\n\n\n\n<p>Dieses Haus bereut die Popularisierung von Dating Apps.<\/p>\n\n\n\n<p><strong>03.09.25<\/strong><\/p>\n\n\n\n<p>DH bereut das h\u00f6here Standards an Aktivist*innen etc gestellt werden als an den Durchschnitts Menschen.<\/p>\n\n\n\n<p><strong>01.09.25<\/strong><\/p>\n\n\n\n<p>DH w\u00fcrde True Crime Podcasts als unethisch einordnen.<\/p>\n\n\n\n<p><strong>27.08.25<\/strong><\/p>\n\n\n\n<p>Dieses Haus glaubt, das Leben als K\u00f6nig eines stabilen europ\u00e4ischen Reiches im Hochmittelalter macht einen durchschnittlichen Menschen gl\u00fccklicher als das Leben als ein von Grundsicherung lebender Langzeitarbeitloser im heutigen Deutschland.<\/p>\n\n\n\n<p><strong>25.08.25<\/strong><\/p>\n\n\n\n<p>Dieses Haus, das technisch dazu in der Lage ist, klont den Neandertaler.<\/p>\n\n\n\n<p><strong>20.08.25<\/strong><\/p>\n\n\n\n<p>Dieses Haus glaubt, dass die Entscheidung der Bundeskanzlerin vom 4.9.2015, Fl\u00fcchtlinge nach Deutschland zu lassen, in Deutschlands langfristigem Interesse ist.<\/p>\n\n\n\n<p>Am 4. September 2015 machten sich zahlreiche Fl\u00fcchtlinge von Ungarn aus auf den Weg nach Deutschland, nachdem sie zuvor in Ungarn sehr schlecht versorgt wurden. Bundeskanzlerin Angela Merkel entschied daraufhin, diese Fl\u00fcchtlinge nach Deutschland einreisen zu lassen.<\/p>\n\n\n\n<p><strong>18.08.25 <\/strong><\/p>\n\n\n\n<p>DH bereut die Glorifizierung der romantischen Liebe in Disneyfilmen.<\/p>\n\n\n\n<p><strong>13.08.25<\/strong> <\/p>\n\n\n\n<p>Im Januar 1923 steht Deutschland unter dem Druck des Versailler Vertrags von 1919, der das Land zu hohen Reparationszahlungen in H\u00f6he von 132 Milliarden Goldmark verpflichtet. Nachdem Deutschland 1922 mit den Lieferungen, vor allem von Kohle, in R\u00fcckstand geraten ist, marschieren am 11. Januar 1923 franz\u00f6sische und belgische Truppen ins Ruhrgebiet ein, um die Reparationsleistungen notfalls selbst einzutreiben.<\/p>\n\n\n\n<p>Es ist Herbst des Jahres 1923. Dieses Haus als Westalliierte w\u00fcrde Deutschland die Reparationen vollst\u00e4ndig erlassen.<\/p>\n\n\n\n<p><strong>11.08.25<\/strong><\/p>\n\n\n\n<p>DH w\u00fcrde auf KI f\u00fcr Einstellungsprozesse setzen, bevor zum Einstellungsgespr\u00e4ch geladen wird.<\/p>\n\n\n\n<p><strong>06.08.25<\/strong><\/p>\n\n\n\n<p>Mitgliederversammlung<\/p>\n\n\n\n<p><strong>04.08.25<\/strong><\/p>\n\n\n\n<p>Bei dem n\u00e4chsten Zensus in Indien soll auch die Kastenzugeh\u00f6rigkeit erfasst werden. DH begr\u00fc\u00dft diese Entscheidung.<\/p>\n\n\n\n<p><strong>30.07.25<\/strong><\/p>\n\n\n\n<p>DH w\u00fcrde den Tausch von Staatsb\u00fcrgerschaften erlauben.<\/p>\n\n\n\n<p><strong>28.07.25<\/strong><\/p>\n\n\n\n<p>Dieses Haus glaubt, dass gro\u00dfe Ressourcenvorkommen in Entwicklungsl\u00e4ndern diesen mehr schaden als n\u00fctzen.<\/p>\n\n\n\n<p><strong>16.07.25<\/strong><\/p>\n\n\n\n<p><em>Fact Sheet<\/em>: Burg bei Cottbus ist eine Gemeinde mit ca. 4.000 Einwohnern im Spreewald (s\u00fcdliches Brandenburg). Die Gemeinde und das Umland leben mehrheitlich vom Tourismus und den deutschlandweit bekannten Spreewaldgurken. Bei der Bundestagswahl 2021 waren die beiden st\u00e4rksten Parteien im Landkreis Burg die AfD und die SPD, mit jeweils ca. 25\u202f% der Erst- und Zweitstimmen. Im April 2023 haben zwei Lehrkr\u00e4fte an der Grund- und Oberschule Burg (1.\u201310. Klasse) einen offenen Brief an die Schulaufsicht adressiert. Darin thematisierten sie, dass offen rechtsextremistische Handlungen durch einen Teil der Sch\u00fclerschaft ver\u00fcbt wurden (u.\u202fa. offenes Zeigen von Hitlergr\u00fc\u00dfen auf dem Schulhof und Hakenkreuze im Schulgeb\u00e4ude), und dass das Kollegium wenig gegen das Verhalten der Sch\u00fcler unternahm. Dies f\u00fchrte bundesweit zu Schlagzeilen und zu einem R\u00fcckgang des Tourismus in Burg. Wegen angedrohter Gewalt und Angst vor Vergeltung haben die Autoren des Briefs die Schule verlassen. Nach der anschlie\u00dfenden Versetzung der bisherigen Schulleiterin berief die Schulaufsicht Brandenburg im August 2023 eine neue Schulleitung. Die n\u00e4chste Oberschule ist 25\u202fkm entfernt.<\/p>\n\n\n\n<p><em>Thema:<\/em> Es ist August 2023. Sollte die neue Schulleitung einen harten Null-Toleranz-Kurs (z.B. direkter Schulverweis) gegen\u00fcber weiteren rechtsextremen Vorf\u00e4llen verfolgen?<\/p>\n\n\n\n<p><strong>09.07.25<\/strong><\/p>\n\n\n\n<p>Dieses Haus lehnt die Idealisierung der Bescheidenheit ab.<\/p>\n\n\n\n<p><strong>07.07.25<\/strong><\/p>\n\n\n\n<p>Dieses Haus w\u00fcrde an staatlichen Universit\u00e4ten Studiengeb\u00fchren einf\u00fchren welche f\u00fcr einen erheblichen Teil der Universit\u00e4tskosten aufkommen.<\/p>\n\n\n\n<p><strong>02.07.25<\/strong><\/p>\n\n\n\n<p>Enhanced Games sind wie Olympische Spiele, nur dass niemand wegen Doping ausgeschlossen werden kann, weil Bioengeneering explizit erw\u00fcnscht ist. Hinter dem Unterfangen steht sehr viel Geld von Pharmakonzernen, die sich daraus ein gro\u00dfes Gesch\u00e4ft erhoffen. Es wird laut Veranstaltern alles gut von \u00c4rzten \u00fcberwacht. Es gibt viel Geld f\u00fcr eine Teilnahme.<br>Dieses Haus als Athlet w\u00fcrde mitmachen und sich einer Behandlung unterziehen.<\/p>\n\n\n\n<p><strong>30.06.25<\/strong><\/p>\n\n\n\n<p>Dieses Haus w\u00fcrde \u00c4rztinnen erlauben, todkranken Patientinnen nicht zugelassene Medikamente zu verschreiben.<\/p>\n\n\n\n<p><strong>25.06.25<\/strong><\/p>\n\n\n\n<p>Factsheet: Intelligenz bezeichnet die geistige Leistungsf\u00e4higkeit bez\u00fcglich der L\u00f6sung von logischen, sprachlichen, mathematischen und r\u00e4umlichen Problemen.<br>Selbstlosigkeit bezeichnet die Eigenschaft, das eigene Wohl anderen Erw\u00e4gungen wie z.B. dem Wohl anderer Menschen oder dem Allgemeinwohl unterzuordnen.<\/p>\n\n\n\n<p>Thema: Angenommen man k\u00f6nnte entweder die Intelligenz oder die Selbstlosigkeit aller jetzigen und k\u00fcnftigen Menschen um 10% erh\u00f6hen, aber nicht beides. Dieses Haus w\u00fcrde die Intelligenz erh\u00f6hen.<\/p>\n\n\n\n<p><strong>23.06.25<\/strong><\/p>\n\n\n\n<p>Sollten in Zukunft Richter*innen durch KI ersetzt werden?<\/p>\n\n\n\n<p><strong>18.06.25 <\/strong><\/p>\n\n\n\n<p>DIES Academicus 2025<\/p>\n\n\n\n<p><strong>11.06.25<\/strong><\/p>\n\n\n\n<p>Sollte die Europ\u00e4ische Union langfristig die Abschaffung von Nationalstaaten innerhalb der EU anstreben?<\/p>\n\n\n\n<p><strong>16.06.25<\/strong><\/p>\n\n\n\n<p>Schadet das Narrativ, dass das Leben einen tieferen Sinn haben muss, mehr als es n\u00fctzt? Ein tieferer Sinn im Sinne dieser Debatte bedeutet, dass das Leben eines Menschen einen spezifischen Zweck hat. Dieser kann vorbestimmt oder frei gew\u00e4hlt sein und Menschen streben in der Regel danach, ihn zu erf\u00fcllen. Beispiele k\u00f6nnen die Maximierung von Erlebnissen, Familie, ein bestimmter Beruf oder das Leisten eines Beitrags in der Welt sein.<br><em>Von der Campusdebatte Jena 2023, Finale<\/em><\/p>\n\n\n\n<p><strong>04.06.25<\/strong><\/p>\n\n\n\n<p>Sollte die Mindestlohnpflicht (12,82\u20ac\/h) f\u00fcr alle Praktika \u00fcber 18 Jahren gelten?<\/p>\n\n\n\n<p><strong>28.05.25<\/strong><\/p>\n\n\n\n<p>DH bereut die blo\u00dfe Wiedereingliederung der DDR in die BRD gegen\u00fcber offenen Verhandlungen wo sie gleichberechtigte Partner sind (z.B. \u00fcber das Grundgesetz).<\/p>\n\n\n\n<p><strong>21.05.25<\/strong><\/p>\n\n\n\n<p>Als Social Engineering werden zwischenmenschliche Beeinflussungen bezeichnet, die zum Ziel haben bei Personen bestimmte Verhaltensweisen hervorzurufen. Botnetze k\u00f6nnen dazu genutzt werden, gro\u00dffl\u00e4chig gezielt politische Kommentare unter online Artikeln oder in sozialen Netzwerken zu ver\u00f6ffentlichen oder Beitr\u00e4ge mit gef\u00e4llt mir (nicht) zu markieren, um deren Leser*innen zu beeinflussen.<\/p>\n\n\n\n<p>Sollten die Regierungen westlicher Staaten durch social Engineering, Botnetze und \u00e4hnliche Strategien versuchen, die \u00f6ffentliche Meinung in nicht-demokratischen L\u00e4ndern zu beeinflussen?<\/p>\n\n\n\n<p><strong>14.05.25<\/strong><\/p>\n\n\n\n<p>In Spanien kommt es mittlerweile im Sommer immer wieder durch die Hitze zu D\u00fcrre und dadurch mangelndem Trinkwasser. Die Regierung erl\u00e4sst also hin und wieder Restriktionen, vor allem hinsichtlich von privaten Pools und \u00f6ffentlichen Schwimmb\u00e4dern, gerade in den klassischen Touristen-Hotspots. Freib\u00e4der ben\u00f6tigen gro\u00dfe Mengen an Wasser zum Bef\u00fcllen und f\u00fcr die Kreislaufanwendung. Dieser Verbrauch kann vor allem in wasserknappen Regionen die Umwelt belasten. Die Aufbereitung des Wassers mit Chemikalien wie Chlor kann das Wasser im Gew\u00e4sser verunreinigen und die \u00d6kosysteme sch\u00e4digen.<\/p>\n\n\n\n<p>Dieses Haus als spanische Regierung w\u00fcrde die Menge an \u00f6ffentlichen Freib\u00e4dern signifikant verringern.<\/p>\n\n\n\n<p><strong>07.05.25<\/strong><\/p>\n\n\n\n<p>Ein Asyl-Dienstjahr ist ein verpflichtender Arbeitsdienst \u00e4hnlich dem Sozialen Jahr, welcher genau so bezahlt wird (300-400\u20ac\/Monat bei Vollzeit) und von allen Asylsuchenden f\u00fcr ein Jahr oder bis sie Deutschland verlassen abgeleistet werden muss. Minderj\u00e4hrige, Kranke und Arbeitsunf\u00e4hige sind vom Asyl-Dienstjahr ausgeschlossen.<\/p>\n\n\n\n<p>Sollten wir ein Asyl-Dienstjahr einf\u00fchren?<\/p>\n\n\n\n<p><strong>30.04.25<\/strong><\/p>\n\n\n\n<p>Am 21. M\u00e4rz wurde mit der notwendigen 2\/3 Mehrheit des alten Bundestages die im Grundgesetz festgelegte Schuldenbremse durch die SPD, CDU &amp; die Gr\u00fcnen reformiert. Verteidigungsausgaben sowie Bev\u00f6lkerungsschutz sind nunmehr davon ausgenommen. Au\u00dferdem wurde ein Sonderverm\u00f6gen von 500 Milliarden \u20ac aufgenommen. 100 Milliarden davon sind f\u00fcr Klimaschutz, der Rest f\u00fcr Infrastruktur. Die CDU warb im Wahlkampf damit, die Schuldenbremse nicht zu lockern.<\/p>\n\n\n\n<p>Eine Ablehnung der Gr\u00fcnen h\u00e4tte zur Folge gehabt, dass der neue Bundestag \u00fcber das Paket h\u00e4tte entscheiden m\u00fcssen. Dies h\u00e4tte die Kooperation der Linken oder der AFD erfordert, selbst wenn die Gr\u00fcnen einem 2. Entwurf zustimmen w\u00fcrden.<\/p>\n\n\n\n<p>Es ist der 21. M\u00e4rz 2025. Dieses Haus w\u00fcrde als B\u00fcndnis 90\/die Gr\u00fcnen dem Schuldenbremsen Reformpaket nicht zustimmen.<\/p>\n\n\n\n<p><strong>23.04.25<\/strong><\/p>\n\n\n\n<p>Dieses Haus bevorzugt dystopische Kunst (z.B. Tribute von Panem) statt utopischer Kunst (z.B. Black Panther, Star Trek) als Mittel zur gesellschaftlichen Transformation.<\/p>\n\n\n\n<p><strong>16.04.25<\/strong><\/p>\n\n\n\n<p>Die Tierbefreiungs- oder Tierrechtsbewegung ist eine soziale Bewegung, die sich ihrem Selbstverst\u00e4ndnis gem\u00e4\u00df f\u00fcr die Befreiung der Tiere aus \u201eAusbeutungsverh\u00e4ltnissen\u201c bzw. f\u00fcr Tierrechte einsetzt. <\/p>\n\n\n\n<p>! Wichtig ist in der EU sind Tierexperimente f\u00fcr Kosmetika nicht zugelassen !<\/p>\n\n\n\n<p>Sollte sich die Tierrechtsbewegung auf die Abschaffung der Tierausbeutung, statt auf pragmatische Reformen (wie Verbesserung der Haltebedingung) im Umgang mit Tieren fokussieren?<\/p>\n\n\n\n<p><strong>02.04.25<\/strong><\/p>\n\n\n\n<p>Sollten wir die Ansicht ablehnen, dass nur authentische Kunst (welche auf pers\u00f6nlichen Erfahrungen oder kulturellem Hintergrund des K\u00fcnstlers in Literatur, Musik und Malerei basiert) bedeutungsvoll ist?<\/p>\n\n\n\n<p><strong>26.03.25<\/strong><\/p>\n\n\n\n<p>Sollten Schulen statt klassischer Literatur wie Goethes Faust lieber popul\u00e4re Werke, wie Harry Potter im Unterricht behandeln?<\/p>\n\n\n\n<p><strong>19.03.25<\/strong><\/p>\n\n\n\n<p>Dieses Haus bereut das dominante Narrativ in Kinderserien, dass das Gute gegen das B\u00f6se siegt.<\/p>\n\n\n\n<p><strong>12.03.25<\/strong><\/p>\n\n\n\n<p>Sollten alkoholische Getr\u00e4nke nicht mehr in der \u00d6ffentlichkeit konsumiert werden d\u00fcrfen?<\/p>\n\n\n\n<p><strong>06.03.25<\/strong><\/p>\n\n\n\n<p>Dieses Haus widerspricht dem Narrativ, dass Reiseerfahrungen zu einem sinnvollen Verst\u00e4ndnis anderer Nationen f\u00fchren.<\/p>\n\n\n\n<p><strong>24.02.25<\/strong><\/p>\n\n\n\n<p>Dieses Haus w\u00fcrde kostenlose Kita Pl\u00e4tze anbieten, wenn beide Erziehungsberechtigte erwerbst\u00e4tig sind.<\/p>\n\n\n\n<p><strong>12.02.25<\/strong><\/p>\n\n\n\n<p>Dieses Haus als Teil einer von AfD und Merz&#8217;s CDU diskriminierte Minderheit w\u00fcrde bei einem Wahlsieg und Koalition von CDU und AfD das Land verlassen.<\/p>\n\n\n\n<p><strong>05.02.25<\/strong><\/p>\n\n\n\n<p>F\u00f6rderschulen sind Schulen, welche an Kinder mit besonderem F\u00f6rderbedarf gerichtet sind. Sie sind oftmals spezialisiert (z.B. Schulen f\u00fcr Kinder mit Sprachst\u00f6rungen, Schulen f\u00fcr Kinder auf dem Autismus-Spektrum) und bieten Lehrpersonen mit spezialisierter Ausbildung.<\/p>\n\n\n\n<p>Inklusionsschulen sind Schulen, an denen Kinder mit und ohne besonderem F\u00f6rderbedarf gemeinsam unterrichtet werden.<\/p>\n\n\n\n<p>Dieses Haus bevorzugt ein System mit gesonderten F\u00f6rderschulen gegen\u00fcber gemeinsamen Inklusionsschulen.<\/p>\n\n\n\n<p><strong>29.01.25<\/strong><\/p>\n\n\n\n<p>Dieses Haus begr\u00fc\u00dft die zunehmende Vorherrschaft von der englischen Sprache.<\/p>\n\n\n\n<p><strong>22.01.25<\/strong><\/p>\n\n\n\n<p>Dieses Haus glaubt, dass die wachsende Beliebtheit von sog. &#8222;short-form content&#8220; (Videos von meist unter 1 Minute) mehr Nach- als Vorteile f\u00fcr Musikinterpreten\/S\u00e4ngerInnen hatte.<\/p>\n\n\n\n<p><strong>15.01.25<\/strong><\/p>\n\n\n\n<p>Der Begriff \u201eStunde Null\u201c wurde auf den 8. Mai 1945 und den fr\u00fchesten Abschnitt der unmittelbaren Nachkriegszeit in Deutschland und \u00d6sterreich angewandt. Er bezieht sich auf die bedingungslose Kapitulation der Wehrmacht und den vollst\u00e4ndigen Zusammenbruch des NS \u2013 Staates und impliziert die Chance zu einem voraussetzungslosen Neuanfang.<\/p>\n\n\n\n<p>Ist der Gedanke der \u201eStunde Null\u201c zu bereuen?<\/p>\n\n\n\n<p><strong>14.12.24<\/strong><\/p>\n\n\n\n<p>Das Familienwahlrecht bezeichnet eine Form der Beteiligung an Wahlen, bei der die Eltern eine Stimme f\u00fcr ihre noch nicht wahlberechtigten Kinder abgeben. Sollte Deutschland ein Familienwahlrecht einf\u00fchren?<\/p>\n\n\n\n<p>Dieses Haus bevorzugt eine Welt, in der die Menschen versuchen, ihre Produktivit\u00e4t zu maximieren, zu einer Welt, in der die Menschen versuchen, ihre Freizeit zu maximieren.<\/p>\n","protected":false},"excerpt":{"rendered":"<p>Willst du wissen wor\u00fcber wir so debattieren? Hier findest du die Themen der vergangenen Debatten! 14.01.26 Factsheet: Neurodivergenz umfasst Menschen mit atypischer Neurobiologie. Dazu geh\u00f6ren Menschen auf dem Autismusspektrum, mit AD(H)S, Dyskalkulie, Legasthenie, Dyspraxie, Syn\u00e4sthesie, Tourette-Syndrom, bipolarer St\u00f6rung und Hochbegabung. Auf Social Media sind vor allem Menschen auf dem Autismusspektrum [&hellip;]<\/p>\n","protected":false},"author":5,"featured_media":0,"parent":0,"menu_order":0,"comment_status":"closed","ping_status":"closed","template":"","meta":{"_acf_changed":false,"footnotes":""},"class_list":["post-474","page","type-page","status-publish","hentry"],"acf":[],"_links":{"self":[{"href":"https:\/\/dcgoe.de\/index.php?rest_route=\/wp\/v2\/pages\/474","targetHints":{"allow":["GET"]}}],"collection":[{"href":"https:\/\/dcgoe.de\/index.php?rest_route=\/wp\/v2\/pages"}],"about":[{"href":"https:\/\/dcgoe.de\/index.php?rest_route=\/wp\/v2\/types\/page"}],"author":[{"embeddable":true,"href":"https:\/\/dcgoe.de\/index.php?rest_route=\/wp\/v2\/users\/5"}],"replies":[{"embeddable":true,"href":"https:\/\/dcgoe.de\/index.php?rest_route=%2Fwp%2Fv2%2Fcomments&post=474"}],"version-history":[{"count":15,"href":"https:\/\/dcgoe.de\/index.php?rest_route=\/wp\/v2\/pages\/474\/revisions"}],"predecessor-version":[{"id":535,"href":"https:\/\/dcgoe.de\/index.php?rest_route=\/wp\/v2\/pages\/474\/revisions\/535"}],"wp:attachment":[{"href":"https:\/\/dcgoe.de\/index.php?rest_route=%2Fwp%2Fv2%2Fmedia&parent=474"}],"curies":[{"name":"wp","href":"https:\/\/api.w.org\/{rel}","templated":true}]}}