{"id":32,"date":"2019-08-28T07:31:37","date_gmt":"2019-08-28T07:31:37","guid":{"rendered":"http:\/\/dcgoe.de\/?page_id=32"},"modified":"2025-09-12T19:18:11","modified_gmt":"2025-09-12T19:18:11","slug":"debattieren","status":"publish","type":"page","link":"https:\/\/dcgoe.de\/?page_id=32","title":{"rendered":"Debattieren"},"content":{"rendered":"\n<h4 class=\"wp-block-heading\">Das Grunds\u00e4tzliche:<\/h4>\n\n\n\n<p>Eine Debatte l\u00e4uft nach bestimmten Regeln ab. Zwei Seiten, die Regierung und die Opposition, reden hierbei \u00fcber eine vorher festgelegte These oder Streitfrage , z.B. \u201eSollten alle Drogen legalisiert werden?\u201c. Die Regierung muss der These zustimmen bzw. die Frage mit \u201eJa\u201c beantworten, w\u00e4hrend die Opposition der These widersprechen bzw. die Frage verneinen muss. Nach Bekanntgabe des Themas haben beide Teams 15 Minuten zur Vorbereitung. Zu zweit oder zu dritt m\u00fcssen komplexe Sachverhalte schnell durchdacht, gegliedert und angemessen pr\u00e4sentiert werden. Beginnend mit der Regierung reden nun die Teams abwechselnd, wobei jedes Teammitglied einmal redet. Die maximale Redezeit pro Teammitglied betr\u00e4gt sieben Minuten. Am Ende entscheidet eine Jury dar\u00fcber, welche Seite sie \u00fcberzeugt (gewonnen) hat und wieso. Zus\u00e4tzlich gibt sie den Rednern Feedback zu Auftreten und Argumentation.<\/p>\n\n\n\n<figure class=\"wp-block-image size-large\"><img loading=\"lazy\" decoding=\"async\" width=\"1024\" height=\"683\" src=\"http:\/\/dcgoe.de\/wp-content\/uploads\/2024\/05\/1000002858-1024x683.jpg\" alt=\"\" class=\"wp-image-444\" srcset=\"https:\/\/dcgoe.de\/wp-content\/uploads\/2024\/05\/1000002858-1024x683.jpg 1024w, https:\/\/dcgoe.de\/wp-content\/uploads\/2024\/05\/1000002858-300x200.jpg 300w, https:\/\/dcgoe.de\/wp-content\/uploads\/2024\/05\/1000002858-768x512.jpg 768w, https:\/\/dcgoe.de\/wp-content\/uploads\/2024\/05\/1000002858-1536x1024.jpg 1536w, https:\/\/dcgoe.de\/wp-content\/uploads\/2024\/05\/1000002858-360x240.jpg 360w, https:\/\/dcgoe.de\/wp-content\/uploads\/2024\/05\/1000002858.jpg 1920w\" sizes=\"auto, (max-width: 1024px) 100vw, 1024px\" \/><\/figure>\n\n\n\n<p><\/p>\n\n\n\n<p>Sollte Organspende verpflichtend eingef\u00fchrt werden? M\u00fcssen wir Kriegsverbrecher ausliefern? Gibt es ein Recht auf Faulheit? Und sollten wir one-night-stands nicht schlichtweg verbieten?<\/p>\n\n\n\n<h4 class=\"wp-block-heading\">Was bringt mir das?<\/h4>\n\n\n\n<p>Im besten Falle Spa\u00df! Debattieren schult zudem in einer entspannten Atmosph\u00e4re Auftreten, Gestik, Mimik und Sprache durch wiederholtes \u00dcben und das personalisierte Feedback am Ende. Es hilft auch, Probleme schneller zu erfassen, sie aus verschiedenen Positionen zu betrachten und auch seinen eigenen Standpunkt zu hinterfragen. Die Teams werden zugelost und es passiert schnell, dass man eine Meinung vertreten muss, die mit der eigenen nicht \u00fcbereinstimmt. Zu zweit oder zu dritt m\u00fcssen komplexe Sachverhalte schnell durchdacht, gegliedert und angemessen pr\u00e4sentiert werden. Debattieren schult nicht zuletzt das aktive Zuh\u00f6ren. Denn: Pro und Contra kommen abwechselnd zu Wort, jede Rede widerlegt die vorangegangene. Au\u00dferdem bietet es nat\u00fcrlich auch einen Rahmen, sich mit anderen Menschen \u00fcber politische, gesellschaftliche oder sonstige Fragen auszutauschen.<\/p>\n\n\n\n<p><\/p>\n\n\n\n<figure class=\"wp-block-image size-full\"><img loading=\"lazy\" decoding=\"async\" width=\"1024\" height=\"681\" src=\"http:\/\/dcgoe.de\/wp-content\/uploads\/2024\/05\/notitzenfoto.jpg\" alt=\"\" class=\"wp-image-443\" srcset=\"https:\/\/dcgoe.de\/wp-content\/uploads\/2024\/05\/notitzenfoto.jpg 1024w, https:\/\/dcgoe.de\/wp-content\/uploads\/2024\/05\/notitzenfoto-300x200.jpg 300w, https:\/\/dcgoe.de\/wp-content\/uploads\/2024\/05\/notitzenfoto-768x511.jpg 768w, https:\/\/dcgoe.de\/wp-content\/uploads\/2024\/05\/notitzenfoto-360x240.jpg 360w\" sizes=\"auto, (max-width: 1024px) 100vw, 1024px\" \/><\/figure>\n\n\n\n<p><\/p>\n\n\n\n<h4 class=\"wp-block-heading\">Was muss ich daf\u00fcr k\u00f6nnen?<\/h4>\n\n\n\n<p>Gar nichts. Jeder kann reden oder reden lernen. In unserem \nDebattierclub reden Leute mit vollkommen unterschiedlichen \n(Debattier-)Erfahrungen miteinander, vom Anf\u00e4nger bis zur Veteranin.  \nHierbei achten wir selbstverst\u00e4ndlich darauf, dass die Debatten immer \nausgeglichen und fair bleiben. Nur keine Scheu, auch die beste Rednerin \nhat mal klein angefangen.<\/p>\n\n\n\n<h4 class=\"wp-block-heading\">Gibt\u2019s das auch in sportlich?<\/h4>\n\n\n\n<p>Wer sich gerne mit anderen messen m\u00f6chte, kommt auch beim Debattieren auf seine Kosten. Es werden regelm\u00e4\u00dfig von und mit Debattierclubs aus ganz Deutschland Turniere veranstaltet. Beispielsweise haben wir in G\u00f6ttingen im M\u00e4rz 2024 ein Turnier &#8211; den G\u00e4nseliselcup &#8211; organisiert. Wir bieten dar\u00fcber hinaus jedem Interessierten auch die M\u00f6glichkeit, mit uns an Turnieren in anderen St\u00e4dten teilzunehmen. Selbstverst\u00e4ndlich ist dies aber kein Muss, sondern nur ein weiteres unserer Angebote.<\/p>\n\n\n\n<figure class=\"wp-block-image size-large\"><img loading=\"lazy\" decoding=\"async\" width=\"1024\" height=\"681\" src=\"http:\/\/dcgoe.de\/wp-content\/uploads\/2024\/05\/Kopie-von-_ZYX9236_korr-1024x681.jpg\" alt=\"\" class=\"wp-image-441\" srcset=\"https:\/\/dcgoe.de\/wp-content\/uploads\/2024\/05\/Kopie-von-_ZYX9236_korr-1024x681.jpg 1024w, https:\/\/dcgoe.de\/wp-content\/uploads\/2024\/05\/Kopie-von-_ZYX9236_korr-300x200.jpg 300w, https:\/\/dcgoe.de\/wp-content\/uploads\/2024\/05\/Kopie-von-_ZYX9236_korr-768x511.jpg 768w, https:\/\/dcgoe.de\/wp-content\/uploads\/2024\/05\/Kopie-von-_ZYX9236_korr-1536x1021.jpg 1536w, https:\/\/dcgoe.de\/wp-content\/uploads\/2024\/05\/Kopie-von-_ZYX9236_korr-2048x1362.jpg 2048w, https:\/\/dcgoe.de\/wp-content\/uploads\/2024\/05\/Kopie-von-_ZYX9236_korr-360x240.jpg 360w\" sizes=\"auto, (max-width: 1024px) 100vw, 1024px\" \/><figcaption class=\"wp-element-caption\">Showdebatte G\u00f6ttingen, 2023<\/figcaption><\/figure>\n\n\n\n<p><em>Es gilt, Farbe zu bekennen. Eine Meinung zu verteidigen. Die Fragen sind eindeutig gestellt, das Ergebnis nicht vorhersehbar. Rhetorik und gute Argumentation entscheiden \u00fcber Sieg oder Niederlage.<\/em><\/p>\n\n\n\n<h4 class=\"wp-block-heading\">Interesse geweckt?<\/h4>\n\n\n\n<p>Hier geht es zu unseren <a href=\"https:\/\/dcgoe.de\/\" data-type=\"page\" data-id=\"64\">Debattenzeiten<\/a>. Noch unsicher? Nat\u00fcrlich k\u00f6nnt ihr das ganze auch erstmal ansehen. Wir freuen uns auf euch!<\/p>\n","protected":false},"excerpt":{"rendered":"<p>Das Grunds\u00e4tzliche: Eine Debatte l\u00e4uft nach bestimmten Regeln ab. Zwei Seiten, die Regierung und die Opposition, reden hierbei \u00fcber eine vorher festgelegte These oder Streitfrage , z.B. \u201eSollten alle Drogen legalisiert werden?\u201c. Die Regierung muss der These zustimmen bzw. die Frage mit \u201eJa\u201c beantworten, w\u00e4hrend die Opposition der These widersprechen [&hellip;]<\/p>\n","protected":false},"author":5,"featured_media":0,"parent":0,"menu_order":0,"comment_status":"closed","ping_status":"closed","template":"","meta":{"_acf_changed":false,"footnotes":""},"class_list":["post-32","page","type-page","status-publish","hentry"],"acf":[],"_links":{"self":[{"href":"https:\/\/dcgoe.de\/index.php?rest_route=\/wp\/v2\/pages\/32","targetHints":{"allow":["GET"]}}],"collection":[{"href":"https:\/\/dcgoe.de\/index.php?rest_route=\/wp\/v2\/pages"}],"about":[{"href":"https:\/\/dcgoe.de\/index.php?rest_route=\/wp\/v2\/types\/page"}],"author":[{"embeddable":true,"href":"https:\/\/dcgoe.de\/index.php?rest_route=\/wp\/v2\/users\/5"}],"replies":[{"embeddable":true,"href":"https:\/\/dcgoe.de\/index.php?rest_route=%2Fwp%2Fv2%2Fcomments&post=32"}],"version-history":[{"count":12,"href":"https:\/\/dcgoe.de\/index.php?rest_route=\/wp\/v2\/pages\/32\/revisions"}],"predecessor-version":[{"id":506,"href":"https:\/\/dcgoe.de\/index.php?rest_route=\/wp\/v2\/pages\/32\/revisions\/506"}],"wp:attachment":[{"href":"https:\/\/dcgoe.de\/index.php?rest_route=%2Fwp%2Fv2%2Fmedia&parent=32"}],"curies":[{"name":"wp","href":"https:\/\/api.w.org\/{rel}","templated":true}]}}